{"id":7,"date":"2015-09-21T11:46:59","date_gmt":"2015-09-21T09:46:59","guid":{"rendered":"http:\/\/styckens.elji.info\/?page_id=2"},"modified":"2025-06-10T15:12:38","modified_gmt":"2025-06-10T13:12:38","slug":"startsida","status":"publish","type":"page","link":"https:\/\/styckensbageri.se\/","title":{"rendered":"V\u00e4lkommen till Styckens Bageri"},"content":{"rendered":"<h5 style=\"text-align: center;\">Tj\u00f6rns \u00e4ldsta bageri &#8211; Fyllde 75 \u00e5r 2024<\/h5>\n<p style=\"text-align: center;\">Styckens Bageri finner du i Sk\u00e4rhamn p\u00e5 Tj\u00f6rn. Vi har f\u00e4rskt br\u00f6d alla dagar\u00a0utom r\u00f6da dagar.<\/p>\n<p style=\"text-align: center;\">H\u00e4r m\u00f6ts du av underbara dofter av v\u00e5rat nybakade br\u00f6d.<\/p>\n<p style=\"text-align: center;\">Vi har ett brett sortiment av limpor (k\u00f6per du 3 st betalar du 120:- ), Tj\u00f6rnkakor bakade p\u00e5 stenh\u00e4ll (tunna h\u00e5rda, samt lite tjockare mjuka), kransar och bullar, sm\u00e5kakor, sockerkakor m.m.<\/p>\n<p style=\"text-align: center;\">Vi har \u00e4ven ett hemtrevligt caf\u00e9 med plats f\u00f6r 50 personer, d\u00e4r v\u00e5r fikabuff\u00e9 st\u00e5r framdukad. Allt bakat i v\u00e5rt eget bageri.<\/p>\n<p style=\"text-align: center;\"><a href=\"http:\/\/styckensbageri.se\/wp-content\/uploads\/2015\/09\/P1030714.jpg\" rel=\"attachment wp-att-139\"><img loading=\"lazy\" decoding=\"async\" class=\"wp-image-139 size-large aligncenter\" src=\"http:\/\/styckensbageri.se\/wp-content\/uploads\/2015\/09\/P1030714-889x1024.jpg\" alt=\"P1030714\" width=\"474\" height=\"546\" \/><\/a><\/p>\n<div id='gallery-1' class='gallery galleryid-7 gallery-columns-3 gallery-size-thumbnail'><figure class='gallery-item'>\n\t\t\t<div class='gallery-icon portrait'>\n\t\t\t\t<a href='https:\/\/styckensbageri.se\/index.php\/startsida\/brod1\/'><img loading=\"lazy\" decoding=\"async\" width=\"150\" height=\"150\" src=\"https:\/\/styckensbageri.se\/wp-content\/uploads\/2023\/05\/Brod1-150x150.jpg\" class=\"attachment-thumbnail size-thumbnail\" alt=\"\" aria-describedby=\"gallery-1-158\" srcset=\"https:\/\/styckensbageri.se\/wp-content\/uploads\/2023\/05\/Brod1-150x150.jpg 150w, https:\/\/styckensbageri.se\/wp-content\/uploads\/2023\/05\/Brod1-581x576.jpg 581w\" sizes=\"auto, (max-width: 150px) 100vw, 150px\" \/><\/a>\n\t\t\t<\/div>\n\t\t\t\t<figcaption class='wp-caption-text gallery-caption' id='gallery-1-158'>\n\t\t\t\tSolveigs fruktbr\u00f6d bakar vi p\u00e5 torsdagar\n\t\t\t\t<\/figcaption><\/figure><figure class='gallery-item'>\n\t\t\t<div class='gallery-icon landscape'>\n\t\t\t\t<a href='https:\/\/styckensbageri.se\/index.php\/startsida\/brod3\/'><img loading=\"lazy\" decoding=\"async\" width=\"150\" height=\"150\" src=\"https:\/\/styckensbageri.se\/wp-content\/uploads\/2023\/05\/Brod3-150x150.jpg\" class=\"attachment-thumbnail size-thumbnail\" alt=\"\" aria-describedby=\"gallery-1-159\" \/><\/a>\n\t\t\t<\/div>\n\t\t\t\t<figcaption class='wp-caption-text gallery-caption' id='gallery-1-159'>\n\t\t\t\tV\u00e5r ber\u00f6mda Styckekaka\n\t\t\t\t<\/figcaption><\/figure><figure class='gallery-item'>\n\t\t\t<div class='gallery-icon landscape'>\n\t\t\t\t<a href='https:\/\/styckensbageri.se\/index.php\/startsida\/brod2\/'><img loading=\"lazy\" decoding=\"async\" width=\"150\" height=\"150\" src=\"https:\/\/styckensbageri.se\/wp-content\/uploads\/2023\/05\/Brod2-150x150.jpg\" class=\"attachment-thumbnail size-thumbnail\" alt=\"\" aria-describedby=\"gallery-1-160\" \/><\/a>\n\t\t\t<\/div>\n\t\t\t\t<figcaption class='wp-caption-text gallery-caption' id='gallery-1-160'>\n\t\t\t\tEkologiskt surdegsbr\u00f6d\n\t\t\t\t<\/figcaption><\/figure>\n\t\t<\/div>\n\n<div id='gallery-2' class='gallery galleryid-7 gallery-columns-3 gallery-size-thumbnail'><figure class='gallery-item'>\n\t\t\t<div class='gallery-icon portrait'>\n\t\t\t\t<a href='https:\/\/styckensbageri.se\/p1030695\/'><img loading=\"lazy\" decoding=\"async\" width=\"150\" height=\"150\" src=\"https:\/\/styckensbageri.se\/wp-content\/uploads\/2015\/09\/P1030695-150x150.jpg\" class=\"attachment-thumbnail size-thumbnail\" alt=\"\" aria-describedby=\"gallery-2-90\" \/><\/a>\n\t\t\t<\/div>\n\t\t\t\t<figcaption class='wp-caption-text gallery-caption' id='gallery-2-90'>\n\t\t\t\tFilione italienskt surdegsbr\u00f6d\n\t\t\t\t<\/figcaption><\/figure><figure class='gallery-item'>\n\t\t\t<div class='gallery-icon portrait'>\n\t\t\t\t<a href='https:\/\/styckensbageri.se\/p1030707\/'><img loading=\"lazy\" decoding=\"async\" width=\"150\" height=\"150\" src=\"https:\/\/styckensbageri.se\/wp-content\/uploads\/2015\/09\/P1030707-150x150.jpg\" class=\"attachment-thumbnail size-thumbnail\" alt=\"\" aria-describedby=\"gallery-2-94\" \/><\/a>\n\t\t\t<\/div>\n\t\t\t\t<figcaption class='wp-caption-text gallery-caption' id='gallery-2-94'>\n\t\t\t\tProva v\u00e5r egen m\u00fcsli\/granola\n\t\t\t\t<\/figcaption><\/figure><figure class='gallery-item'>\n\t\t\t<div class='gallery-icon portrait'>\n\t\t\t\t<a href='https:\/\/styckensbageri.se\/index.php\/startsida\/styckens\/'><img loading=\"lazy\" decoding=\"async\" width=\"150\" height=\"150\" src=\"https:\/\/styckensbageri.se\/wp-content\/uploads\/2023\/05\/Styckens-150x150.jpg\" class=\"attachment-thumbnail size-thumbnail\" alt=\"\" \/><\/a>\n\t\t\t<\/div><\/figure>\n\t\t<\/div>\n\n<p style=\"text-align: center;\">\u00d6ppettider f\u00f6r butik och caf\u00e9:<\/p>\n<p style=\"text-align: center;\">M\u00e5ndag &#8211; Fredag: 08:00-18:00<\/p>\n<p style=\"text-align: center;\">L\u00f6rdag: 08:00-14:00<\/p>\n<p style=\"text-align: center;\">S\u00f6ndag och Helgdag: St\u00e4ngt<\/p>\n","protected":false},"excerpt":{"rendered":"<p>Tj\u00f6rns \u00e4ldsta bageri &#8211; Fyllde 75 \u00e5r 2024 Styckens Bageri finner du i Sk\u00e4rhamn p\u00e5 Tj\u00f6rn. Vi har f\u00e4rskt br\u00f6d alla dagar\u00a0utom r\u00f6da dagar. H\u00e4r m\u00f6ts du av underbara dofter av v\u00e5rat nybakade br\u00f6d. Vi har ett brett sortiment av limpor (k\u00f6per du 3 st betalar du 120:- ), Tj\u00f6rnkakor bakade p\u00e5 stenh\u00e4ll (tunna h\u00e5rda, &hellip; <a href=\"https:\/\/styckensbageri.se\/\" class=\"more-link\">Continue reading <span class=\"screen-reader-text\">V\u00e4lkommen till Styckens Bageri<\/span> <span class=\"meta-nav\">&rarr;<\/span><\/a><\/p>\n","protected":false},"author":1,"featured_media":0,"parent":0,"menu_order":0,"comment_status":"closed","ping_status":"open","template":"","meta":{"footnotes":""},"class_list":["post-7","page","type-page","status-publish","hentry"],"_links":{"self":[{"href":"https:\/\/styckensbageri.se\/index.php\/wp-json\/wp\/v2\/pages\/7","targetHints":{"allow":["GET"]}}],"collection":[{"href":"https:\/\/styckensbageri.se\/index.php\/wp-json\/wp\/v2\/pages"}],"about":[{"href":"https:\/\/styckensbageri.se\/index.php\/wp-json\/wp\/v2\/types\/page"}],"author":[{"embeddable":true,"href":"https:\/\/styckensbageri.se\/index.php\/wp-json\/wp\/v2\/users\/1"}],"replies":[{"embeddable":true,"href":"https:\/\/styckensbageri.se\/index.php\/wp-json\/wp\/v2\/comments?post=7"}],"version-history":[{"count":16,"href":"https:\/\/styckensbageri.se\/index.php\/wp-json\/wp\/v2\/pages\/7\/revisions"}],"predecessor-version":[{"id":221,"href":"https:\/\/styckensbageri.se\/index.php\/wp-json\/wp\/v2\/pages\/7\/revisions\/221"}],"wp:attachment":[{"href":"https:\/\/styckensbageri.se\/index.php\/wp-json\/wp\/v2\/media?parent=7"}],"curies":[{"name":"wp","href":"https:\/\/api.w.org\/{rel}","templated":true}]}}